{"id":1079,"date":"2024-04-10T17:06:56","date_gmt":"2024-04-10T15:06:56","guid":{"rendered":"https:\/\/ljmtl.fr\/?post_type=product&#038;p=1079"},"modified":"2024-04-10T17:14:07","modified_gmt":"2024-04-10T15:14:07","slug":"stupid-fuck-je-suis-foutu","status":"publish","type":"product","link":"https:\/\/ljmtl.fr\/?product=stupid-fuck-je-suis-foutu","title":{"rendered":"STUPID FUCK &#8211; Je suis foutu"},"content":{"rendered":"","protected":false},"excerpt":{"rendered":"<p>Tamponn\u00e9 et num\u00e9rot\u00e9<\/p>\n","protected":false},"featured_media":1085,"comment_status":"open","ping_status":"closed","template":"","meta":[],"class_list":{"0":"post-1079","1":"product","2":"type-product","3":"status-publish","4":"has-post-thumbnail","6":"product_cat-livres","7":"product_tag-collage","8":"product_tag-dessin","9":"product_tag-eden","10":"product_tag-eden-edition","11":"product_tag-grahzine","12":"product_tag-hendrik-hegray","13":"product_tag-pes","14":"product_tag-revue","15":"product_tag-zine","16":"product_shipping_class-250g","18":"first","19":"instock","20":"shipping-taxable","21":"purchasable","22":"product-type-simple"},"yoast_head":"<!-- This site is optimized with the Yoast SEO plugin v16.1.1 - https:\/\/yoast.com\/wordpress\/plugins\/seo\/ -->\n<title>STUPID FUCK - Je suis foutu - LJMTL<\/title>\n<link rel=\"canonical\" href=\"https:\/\/ljmtl.fr\/?product=stupid-fuck-je-suis-foutu\" \/>\n<meta property=\"og:locale\" content=\"fr_FR\" \/>\n<meta property=\"og:type\" content=\"article\" \/>\n<meta property=\"og:title\" content=\"STUPID FUCK - Je suis foutu - LJMTL\" \/>\n<meta property=\"og:description\" content=\"Tamponn\u00e9 et num\u00e9rot\u00e9\" \/>\n<meta property=\"og:url\" content=\"https:\/\/ljmtl.fr\/?product=stupid-fuck-je-suis-foutu\" \/>\n<meta property=\"og:site_name\" content=\"LJMTL\" \/>\n<meta property=\"article:modified_time\" content=\"2024-04-10T15:14:07+00:00\" \/>\n<meta property=\"og:image\" content=\"https:\/\/ljmtl.fr\/wp-content\/uploads\/2024\/04\/Stupid-fuck-HH-vignette.jpg\" \/>\n\t<meta property=\"og:image:width\" content=\"1350\" \/>\n\t<meta property=\"og:image:height\" content=\"954\" \/>\n<meta name=\"twitter:card\" content=\"summary_large_image\" \/>\n<script type=\"application\/ld+json\" class=\"yoast-schema-graph\">{\"@context\":\"https:\/\/schema.org\",\"@graph\":[{\"@type\":\"WebSite\",\"@id\":\"https:\/\/ljmtl.fr\/#website\",\"url\":\"https:\/\/ljmtl.fr\/\",\"name\":\"LJMTL\",\"description\":\"\\u00c9ditions de livres d\\u2019artiste\",\"potentialAction\":[{\"@type\":\"SearchAction\",\"target\":\"https:\/\/ljmtl.fr\/?s={search_term_string}\",\"query-input\":\"required name=search_term_string\"}],\"inLanguage\":\"fr-FR\"},{\"@type\":\"ImageObject\",\"@id\":\"https:\/\/ljmtl.fr\/?product=stupid-fuck-je-suis-foutu#primaryimage\",\"inLanguage\":\"fr-FR\",\"url\":\"https:\/\/ljmtl.fr\/wp-content\/uploads\/2024\/04\/Stupid-fuck-HH-vignette.jpg\",\"contentUrl\":\"https:\/\/ljmtl.fr\/wp-content\/uploads\/2024\/04\/Stupid-fuck-HH-vignette.jpg\",\"width\":1350,\"height\":954,\"caption\":\"Stupid Fuck | Hendrik Hegray\"},{\"@type\":\"WebPage\",\"@id\":\"https:\/\/ljmtl.fr\/?product=stupid-fuck-je-suis-foutu#webpage\",\"url\":\"https:\/\/ljmtl.fr\/?product=stupid-fuck-je-suis-foutu\",\"name\":\"STUPID FUCK - Je suis foutu - LJMTL\",\"isPartOf\":{\"@id\":\"https:\/\/ljmtl.fr\/#website\"},\"primaryImageOfPage\":{\"@id\":\"https:\/\/ljmtl.fr\/?product=stupid-fuck-je-suis-foutu#primaryimage\"},\"datePublished\":\"2024-04-10T15:06:56+00:00\",\"dateModified\":\"2024-04-10T15:14:07+00:00\",\"breadcrumb\":{\"@id\":\"https:\/\/ljmtl.fr\/?product=stupid-fuck-je-suis-foutu#breadcrumb\"},\"inLanguage\":\"fr-FR\",\"potentialAction\":[{\"@type\":\"ReadAction\",\"target\":[\"https:\/\/ljmtl.fr\/?product=stupid-fuck-je-suis-foutu\"]}]},{\"@type\":\"BreadcrumbList\",\"@id\":\"https:\/\/ljmtl.fr\/?product=stupid-fuck-je-suis-foutu#breadcrumb\",\"itemListElement\":[{\"@type\":\"ListItem\",\"position\":1,\"item\":{\"@type\":\"WebPage\",\"@id\":\"https:\/\/ljmtl.fr\/\",\"url\":\"https:\/\/ljmtl.fr\/\",\"name\":\"Accueil\"}},{\"@type\":\"ListItem\",\"position\":2,\"item\":{\"@type\":\"WebPage\",\"@id\":\"https:\/\/ljmtl.fr\/\",\"url\":\"https:\/\/ljmtl.fr\/\",\"name\":\"Livres\"}},{\"@type\":\"ListItem\",\"position\":3,\"item\":{\"@type\":\"WebPage\",\"@id\":\"https:\/\/ljmtl.fr\/?product=stupid-fuck-je-suis-foutu\",\"url\":\"https:\/\/ljmtl.fr\/?product=stupid-fuck-je-suis-foutu\",\"name\":\"STUPID FUCK &#8211; Je suis foutu\"}}]}]}<\/script>\n<!-- \/ Yoast SEO plugin. -->","_links":{"self":[{"href":"https:\/\/ljmtl.fr\/index.php?rest_route=\/wp\/v2\/product\/1079","targetHints":{"allow":["GET"]}}],"collection":[{"href":"https:\/\/ljmtl.fr\/index.php?rest_route=\/wp\/v2\/product"}],"about":[{"href":"https:\/\/ljmtl.fr\/index.php?rest_route=\/wp\/v2\/types\/product"}],"replies":[{"embeddable":true,"href":"https:\/\/ljmtl.fr\/index.php?rest_route=%2Fwp%2Fv2%2Fcomments&post=1079"}],"wp:featuredmedia":[{"embeddable":true,"href":"https:\/\/ljmtl.fr\/index.php?rest_route=\/wp\/v2\/media\/1085"}],"wp:attachment":[{"href":"https:\/\/ljmtl.fr\/index.php?rest_route=%2Fwp%2Fv2%2Fmedia&parent=1079"}],"curies":[{"name":"wp","href":"https:\/\/api.w.org\/{rel}","templated":true}]}}