{"id":183,"date":"2021-03-22T23:08:42","date_gmt":"2021-03-22T22:08:42","guid":{"rendered":"https:\/\/ljmtl.fr\/?post_type=product&#038;p=183"},"modified":"2023-09-19T21:07:26","modified_gmt":"2023-09-19T19:07:26","slug":"litterature-suedoise-edition-brochee","status":"publish","type":"product","link":"https:\/\/ljmtl.fr\/?product=litterature-suedoise-edition-brochee","title":{"rendered":"Litt\u00e9rature Su\u00e9doise, \u00e9dition broch\u00e9e"},"content":{"rendered":"<p><em>Litt\u00e9rature su\u00e9doise<\/em> est la r\u00e9\u00e9dition du catalogue IKEA 2013 en deux objets distincts.<br \/>\nL\u2019\u00e9dition broch\u00e9e conserve la mise en page originale mais sans images.<br \/>\nL\u2019\u00e9dition de poche rassemble la totalit\u00e9 des textes du catalogue mais appliqu\u00e9 aux codes de mise en page des livres de poche.<\/p>\n","protected":false},"excerpt":{"rendered":"<p>R\u00e9\u00e9dition d&#8217;un projet de 2013 initialement imprim\u00e9 \u00e0 3 exemplaires<\/p>\n","protected":false},"featured_media":383,"comment_status":"open","ping_status":"closed","template":"","meta":[],"class_list":{"0":"post-183","1":"product","2":"type-product","3":"status-publish","4":"has-post-thumbnail","6":"product_cat-livres","7":"product_tag-anna-lejemmetel","8":"product_tag-catalogue","9":"product_tag-ikea","10":"product_tag-litterature-suedoise","11":"product_shipping_class-1kg","13":"first","14":"outofstock","15":"shipping-taxable","16":"purchasable","17":"product-type-simple"},"yoast_head":"<!-- This site is optimized with the Yoast SEO plugin v16.1.1 - https:\/\/yoast.com\/wordpress\/plugins\/seo\/ -->\n<title>Litt\u00e9rature Su\u00e9doise, \u00e9dition broch\u00e9e - LJMTL<\/title>\n<link rel=\"canonical\" href=\"https:\/\/ljmtl.fr\/?product=litterature-suedoise-edition-brochee\" \/>\n<meta property=\"og:locale\" content=\"fr_FR\" \/>\n<meta property=\"og:type\" content=\"article\" \/>\n<meta property=\"og:title\" content=\"Litt\u00e9rature Su\u00e9doise, \u00e9dition broch\u00e9e - LJMTL\" \/>\n<meta property=\"og:description\" content=\"R\u00e9\u00e9dition d&#039;un projet de 2013 initialement imprim\u00e9 \u00e0 3 exemplaires\" \/>\n<meta property=\"og:url\" content=\"https:\/\/ljmtl.fr\/?product=litterature-suedoise-edition-brochee\" \/>\n<meta property=\"og:site_name\" content=\"LJMTL\" \/>\n<meta property=\"article:modified_time\" content=\"2023-09-19T19:07:26+00:00\" \/>\n<meta property=\"og:image\" content=\"https:\/\/ljmtl.fr\/wp-content\/uploads\/2021\/04\/IKEA-BROCHE-01-vignette.jpg\" \/>\n\t<meta property=\"og:image:width\" content=\"1350\" \/>\n\t<meta property=\"og:image:height\" content=\"926\" \/>\n<meta name=\"twitter:card\" content=\"summary_large_image\" \/>\n<meta name=\"twitter:label1\" content=\"Dur\u00e9e de lecture est.\">\n\t<meta name=\"twitter:data1\" content=\"1 minute\">\n<script type=\"application\/ld+json\" class=\"yoast-schema-graph\">{\"@context\":\"https:\/\/schema.org\",\"@graph\":[{\"@type\":\"WebSite\",\"@id\":\"https:\/\/ljmtl.fr\/#website\",\"url\":\"https:\/\/ljmtl.fr\/\",\"name\":\"LJMTL\",\"description\":\"\\u00c9ditions de livres d\\u2019artiste\",\"potentialAction\":[{\"@type\":\"SearchAction\",\"target\":\"https:\/\/ljmtl.fr\/?s={search_term_string}\",\"query-input\":\"required name=search_term_string\"}],\"inLanguage\":\"fr-FR\"},{\"@type\":\"ImageObject\",\"@id\":\"https:\/\/ljmtl.fr\/?product=litterature-suedoise-edition-brochee#primaryimage\",\"inLanguage\":\"fr-FR\",\"url\":\"https:\/\/ljmtl.fr\/wp-content\/uploads\/2021\/04\/IKEA-BROCHE-01-vignette.jpg\",\"contentUrl\":\"https:\/\/ljmtl.fr\/wp-content\/uploads\/2021\/04\/IKEA-BROCHE-01-vignette.jpg\",\"width\":1350,\"height\":926,\"caption\":\"Ik\\u00e9a broch\\u00e9 | Anna Lejemmetel | livre\"},{\"@type\":\"WebPage\",\"@id\":\"https:\/\/ljmtl.fr\/?product=litterature-suedoise-edition-brochee#webpage\",\"url\":\"https:\/\/ljmtl.fr\/?product=litterature-suedoise-edition-brochee\",\"name\":\"Litt\\u00e9rature Su\\u00e9doise, \\u00e9dition broch\\u00e9e - LJMTL\",\"isPartOf\":{\"@id\":\"https:\/\/ljmtl.fr\/#website\"},\"primaryImageOfPage\":{\"@id\":\"https:\/\/ljmtl.fr\/?product=litterature-suedoise-edition-brochee#primaryimage\"},\"datePublished\":\"2021-03-22T22:08:42+00:00\",\"dateModified\":\"2023-09-19T19:07:26+00:00\",\"breadcrumb\":{\"@id\":\"https:\/\/ljmtl.fr\/?product=litterature-suedoise-edition-brochee#breadcrumb\"},\"inLanguage\":\"fr-FR\",\"potentialAction\":[{\"@type\":\"ReadAction\",\"target\":[\"https:\/\/ljmtl.fr\/?product=litterature-suedoise-edition-brochee\"]}]},{\"@type\":\"BreadcrumbList\",\"@id\":\"https:\/\/ljmtl.fr\/?product=litterature-suedoise-edition-brochee#breadcrumb\",\"itemListElement\":[{\"@type\":\"ListItem\",\"position\":1,\"item\":{\"@type\":\"WebPage\",\"@id\":\"https:\/\/ljmtl.fr\/\",\"url\":\"https:\/\/ljmtl.fr\/\",\"name\":\"Accueil\"}},{\"@type\":\"ListItem\",\"position\":2,\"item\":{\"@type\":\"WebPage\",\"@id\":\"https:\/\/ljmtl.fr\/\",\"url\":\"https:\/\/ljmtl.fr\/\",\"name\":\"Livres\"}},{\"@type\":\"ListItem\",\"position\":3,\"item\":{\"@type\":\"WebPage\",\"@id\":\"https:\/\/ljmtl.fr\/?product=litterature-suedoise-edition-brochee\",\"url\":\"https:\/\/ljmtl.fr\/?product=litterature-suedoise-edition-brochee\",\"name\":\"Litt\\u00e9rature Su\\u00e9doise, \\u00e9dition broch\\u00e9e\"}}]}]}<\/script>\n<!-- \/ Yoast SEO plugin. -->","_links":{"self":[{"href":"https:\/\/ljmtl.fr\/index.php?rest_route=\/wp\/v2\/product\/183","targetHints":{"allow":["GET"]}}],"collection":[{"href":"https:\/\/ljmtl.fr\/index.php?rest_route=\/wp\/v2\/product"}],"about":[{"href":"https:\/\/ljmtl.fr\/index.php?rest_route=\/wp\/v2\/types\/product"}],"replies":[{"embeddable":true,"href":"https:\/\/ljmtl.fr\/index.php?rest_route=%2Fwp%2Fv2%2Fcomments&post=183"}],"wp:featuredmedia":[{"embeddable":true,"href":"https:\/\/ljmtl.fr\/index.php?rest_route=\/wp\/v2\/media\/383"}],"wp:attachment":[{"href":"https:\/\/ljmtl.fr\/index.php?rest_route=%2Fwp%2Fv2%2Fmedia&parent=183"}],"curies":[{"name":"wp","href":"https:\/\/api.w.org\/{rel}","templated":true}]}}