{"id":224,"date":"2021-03-23T12:13:57","date_gmt":"2021-03-23T11:13:57","guid":{"rendered":"https:\/\/ljmtl.fr\/?post_type=product&#038;p=224"},"modified":"2021-04-16T16:19:49","modified_gmt":"2021-04-16T14:19:49","slug":"la-boheme","status":"publish","type":"product","link":"https:\/\/ljmtl.fr\/?product=la-boheme","title":{"rendered":"La boh\u00e8me"},"content":{"rendered":"<p>Pendant 6 mois cons\u00e9cutifs, l\u2019artiste Estelle Henriot s\u2019est appliqu\u00e9e \u00e0 retranscrire la moindre de ses activit\u00e9s quotidiennes.<\/p>\n<p>\u00ab 10h10 : mail imprimeur + orga salon, 10h15 : planning taf, 10h40 : rangement + tri bo\u00eete photo, 11h : v\u00e9lo, 11h20 : photo plastique volant \u00bb \u00ab 18h30 : am\u00e9nagement salon travail, 18h35 : musique, 18h45 : go\u00fbter, 19h55 : update site internet, 20h : t\u00e9l\u00e9phone, 20h10 : pause \u00bb.<\/p>\n<p>La r\u00e9colte de ces donn\u00e9es personnelles a donn\u00e9 lieu \u00e0 un travail d\u2019analyse d\u00e9mesur\u00e9: listes de classifications, graphiques cod\u00e9s, calculs statistiques&#8230; Aspir\u00e9e par l\u2019ex\u00e9cution de son dessein, Estelle Henriot plonge dans ses recherches color\u00e9es pour aboutir \u00e0 la r\u00e9alisation d\u2019un immense tableau aussi minutieusement d\u00e9taill\u00e9 qu\u2019\u00e9nigmatique. Les curieux se pr\u00eatent au jeu de piste et tentent de reconstituer le puzzle. On devine que certains y lisent une \u00e9tude sociologique ou une r\u00e9flexion politique sur le statut du travail des ind\u00e9pendants, qu\u2019il y est question d\u2019intimit\u00e9, de tra\u00e7age des donn\u00e9es, du temps qui passe et de son optimisation. D\u2019autres y voient la mise en ab\u00eeme du geste de l\u2019artiste ou sa r\u00e9ponse excessive \u00e0 une question pourtant simple: \u00abQu\u2019est-ce que tu fais dans la vie?\u00bb.<\/p>\n<p>Pour faire ce livre, il a fallu \u00e9taler tous ces sch\u00e9mas, ouvrir de nombreux carnets et d\u00e9rouler les grands formats; tout tordre pour tout reclasser. L\u2019\u00e9dition se pr\u00e9sente en deux parties: un premier livret t\u00e9moin des diff\u00e9rentes formes du projet, des temps de rencontres, des expositions et des ateliers participatifs, et un second livret qui reproduit une s\u00e9lection de dessins accompagn\u00e9e d\u2019une discussion entre l\u2019artiste et l\u2019\u00e9ditrice.<\/p>\n<p>Cette \u00e9dition con\u00e7ue en \u00e9troite collaboration avec l\u2019artiste donne \u00e0 voir son processus cr\u00e9atif en portant un regard singulier sur \u00abLa boh\u00e8me\u00bb.<\/p>\n","protected":false},"excerpt":{"rendered":"<p>Ce projet est laur\u00e9at du Fonds R\u00e9gional pour les Talents \u00c9mergents 2019, financ\u00e9 par la R\u00e9gion \u00cele-de-France, et r\u00e9alis\u00e9 avec le soutien du CENTQUATRE-PARIS.<\/p>\n","protected":false},"featured_media":388,"comment_status":"open","ping_status":"closed","template":"","meta":[],"class_list":{"0":"post-224","1":"product","2":"type-product","3":"status-publish","4":"has-post-thumbnail","6":"product_cat-livres","7":"product_tag-big-data","8":"product_tag-datavisualisation","9":"product_tag-estelle-henriot","10":"product_tag-la-boheme","11":"product_shipping_class-500g","13":"first","14":"instock","15":"shipping-taxable","16":"purchasable","17":"product-type-simple"},"yoast_head":"<!-- This site is optimized with the Yoast SEO plugin v16.1.1 - https:\/\/yoast.com\/wordpress\/plugins\/seo\/ -->\n<title>La boh\u00e8me - LJMTL<\/title>\n<link rel=\"canonical\" href=\"https:\/\/ljmtl.fr\/?product=la-boheme\" \/>\n<meta property=\"og:locale\" content=\"fr_FR\" \/>\n<meta property=\"og:type\" content=\"article\" \/>\n<meta property=\"og:title\" content=\"La boh\u00e8me - LJMTL\" \/>\n<meta property=\"og:description\" content=\"Ce projet est laur\u00e9at du Fonds R\u00e9gional pour les Talents \u00c9mergents 2019, financ\u00e9 par la R\u00e9gion \u00cele-de-France, et r\u00e9alis\u00e9 avec le soutien du CENTQUATRE-PARIS.\" \/>\n<meta property=\"og:url\" content=\"https:\/\/ljmtl.fr\/?product=la-boheme\" \/>\n<meta property=\"og:site_name\" content=\"LJMTL\" \/>\n<meta property=\"article:modified_time\" content=\"2021-04-16T14:19:49+00:00\" \/>\n<meta property=\"og:image\" content=\"https:\/\/ljmtl.fr\/wp-content\/uploads\/2021\/04\/boheme-01-vignette.jpg\" \/>\n\t<meta property=\"og:image:width\" content=\"1350\" \/>\n\t<meta property=\"og:image:height\" content=\"932\" \/>\n<meta name=\"twitter:card\" content=\"summary_large_image\" \/>\n<meta name=\"twitter:label1\" content=\"Dur\u00e9e de lecture est.\">\n\t<meta name=\"twitter:data1\" content=\"2 minutes\">\n<script type=\"application\/ld+json\" class=\"yoast-schema-graph\">{\"@context\":\"https:\/\/schema.org\",\"@graph\":[{\"@type\":\"WebSite\",\"@id\":\"https:\/\/ljmtl.fr\/#website\",\"url\":\"https:\/\/ljmtl.fr\/\",\"name\":\"LJMTL\",\"description\":\"\\u00c9ditions de livres d\\u2019artiste\",\"potentialAction\":[{\"@type\":\"SearchAction\",\"target\":\"https:\/\/ljmtl.fr\/?s={search_term_string}\",\"query-input\":\"required name=search_term_string\"}],\"inLanguage\":\"fr-FR\"},{\"@type\":\"ImageObject\",\"@id\":\"https:\/\/ljmtl.fr\/?product=la-boheme#primaryimage\",\"inLanguage\":\"fr-FR\",\"url\":\"https:\/\/ljmtl.fr\/wp-content\/uploads\/2021\/04\/boheme-01-vignette.jpg\",\"contentUrl\":\"https:\/\/ljmtl.fr\/wp-content\/uploads\/2021\/04\/boheme-01-vignette.jpg\",\"width\":1350,\"height\":932,\"caption\":\"La boh\\u00e8me | estelle henriot | livre\"},{\"@type\":\"WebPage\",\"@id\":\"https:\/\/ljmtl.fr\/?product=la-boheme#webpage\",\"url\":\"https:\/\/ljmtl.fr\/?product=la-boheme\",\"name\":\"La boh\\u00e8me - LJMTL\",\"isPartOf\":{\"@id\":\"https:\/\/ljmtl.fr\/#website\"},\"primaryImageOfPage\":{\"@id\":\"https:\/\/ljmtl.fr\/?product=la-boheme#primaryimage\"},\"datePublished\":\"2021-03-23T11:13:57+00:00\",\"dateModified\":\"2021-04-16T14:19:49+00:00\",\"breadcrumb\":{\"@id\":\"https:\/\/ljmtl.fr\/?product=la-boheme#breadcrumb\"},\"inLanguage\":\"fr-FR\",\"potentialAction\":[{\"@type\":\"ReadAction\",\"target\":[\"https:\/\/ljmtl.fr\/?product=la-boheme\"]}]},{\"@type\":\"BreadcrumbList\",\"@id\":\"https:\/\/ljmtl.fr\/?product=la-boheme#breadcrumb\",\"itemListElement\":[{\"@type\":\"ListItem\",\"position\":1,\"item\":{\"@type\":\"WebPage\",\"@id\":\"https:\/\/ljmtl.fr\/\",\"url\":\"https:\/\/ljmtl.fr\/\",\"name\":\"Accueil\"}},{\"@type\":\"ListItem\",\"position\":2,\"item\":{\"@type\":\"WebPage\",\"@id\":\"https:\/\/ljmtl.fr\/\",\"url\":\"https:\/\/ljmtl.fr\/\",\"name\":\"Livres\"}},{\"@type\":\"ListItem\",\"position\":3,\"item\":{\"@type\":\"WebPage\",\"@id\":\"https:\/\/ljmtl.fr\/?product=la-boheme\",\"url\":\"https:\/\/ljmtl.fr\/?product=la-boheme\",\"name\":\"La boh\\u00e8me\"}}]}]}<\/script>\n<!-- \/ Yoast SEO plugin. -->","_links":{"self":[{"href":"https:\/\/ljmtl.fr\/index.php?rest_route=\/wp\/v2\/product\/224","targetHints":{"allow":["GET"]}}],"collection":[{"href":"https:\/\/ljmtl.fr\/index.php?rest_route=\/wp\/v2\/product"}],"about":[{"href":"https:\/\/ljmtl.fr\/index.php?rest_route=\/wp\/v2\/types\/product"}],"replies":[{"embeddable":true,"href":"https:\/\/ljmtl.fr\/index.php?rest_route=%2Fwp%2Fv2%2Fcomments&post=224"}],"wp:featuredmedia":[{"embeddable":true,"href":"https:\/\/ljmtl.fr\/index.php?rest_route=\/wp\/v2\/media\/388"}],"wp:attachment":[{"href":"https:\/\/ljmtl.fr\/index.php?rest_route=%2Fwp%2Fv2%2Fmedia&parent=224"}],"curies":[{"name":"wp","href":"https:\/\/api.w.org\/{rel}","templated":true}]}}